{"id":238,"date":"2025-04-09T22:04:39","date_gmt":"2025-04-09T22:04:39","guid":{"rendered":"https:\/\/poderemercado.com.br\/?page_id=238"},"modified":"2025-05-03T17:54:25","modified_gmt":"2025-05-03T17:54:25","slug":"politica-de-privacidade","status":"publish","type":"page","link":"https:\/\/poderemercado.com.br\/en\/politica-de-privacidade\/","title":{"rendered":"Privacy Policy"},"content":{"rendered":"<p>Privacy Policy<\/p>\n\n\n\n<p><strong>Last update:<\/strong> April 30, 2025<\/p>\n\n\n\n<p>The blog <strong>Power &amp; Market<\/strong> (<a href=\"https:\/\/poderemercado.com.br\/en\/\">https:\/\/poderemercado.com.br<\/a>) respects your privacy and is committed to protecting your personal data in accordance with the <strong>General Law on the Protection of Personal Data (Law No. 13,709\/2018)<\/strong>.<\/p>\n\n\n\n<h2 class=\"wp-block-heading\">1. Information we collect<\/h2>\n\n\n\n<p>We may collect personal information voluntarily provided by you, such as your name and email address, when you:<\/p>\n\n\n\n<ul class=\"wp-block-list\">\n<li>Contact us;<\/li>\n\n\n\n<li>Subscribe to the Economic Radar newsletter;<\/li>\n\n\n\n<li>Leave comments on our articles.<\/li>\n<\/ul>\n\n\n\n<h2 class=\"wp-block-heading\">2. Use of cookies<\/h2>\n\n\n\n<p>We use cookies to improve website navigation, analyze audience metrics and personalize content. You can manage or disable cookies at any time in your browser settings.<\/p>\n\n\n\n<h2 class=\"wp-block-heading\">3. Google AdSense<\/h2>\n\n\n\n<p>This site may display advertisements provided by partners such as <strong>Google AdSense<\/strong>, which use cookies to serve ads based on users&#039; previous visits.<\/p>\n\n\n\n<p>You can opt out of Google&#039;s ad personalization by going to: <a href=\"https:\/\/www.google.com\/settings\/ads\" target=\"_blank\" rel=\"noreferrer noopener\">https:\/\/www.google.com\/settings\/ads<\/a><\/p>\n\n\n\n<h2 class=\"wp-block-heading\">4. Analysis tools<\/h2>\n\n\n\n<p>We use the <strong>Google Analytics<\/strong> to collect anonymous data about visitor behavior. This information helps us better understand our audience and improve content.<\/p>\n\n\n\n<h2 class=\"wp-block-heading\">5. Data sharing<\/h2>\n\n\n\n<p>We do not share your personal information with third parties except when necessary for the functioning of the site, such as newsletter services and analytics tools.<\/p>\n\n\n\n<h2 class=\"wp-block-heading\">6. Your rights<\/h2>\n\n\n\n<p>According to the LGPD, you can request at any time:<\/p>\n\n\n\n<ul class=\"wp-block-list\">\n<li>Confirmation of the existence of data processing;<\/li>\n\n\n\n<li>Access, correction or deletion of your personal data;<\/li>\n\n\n\n<li>Revocation of consent for use of data.<\/li>\n<\/ul>\n\n\n\n<h2 class=\"wp-block-heading\">7. Contact<\/h2>\n\n\n\n<p>If you have any questions about this Privacy Policy or would like to request changes or deletions to your data, please contact:<\/p>\n\n\n\n<p><strong>E-mail:<\/strong> <a href=\"mailto:contato@poderemercado.com.br\">elianverres@poderemercado.com.br<\/a><\/p>\n\n\n\n<p><\/p>","protected":false},"excerpt":{"rendered":"<p>Pol\u00edtica de Privacidade \u00daltima atualiza\u00e7\u00e3o: 30 de abril de 2025 O blog Poder &amp; Mercado (https:\/\/poderemercado.com.br) respeita a sua privacidade e est\u00e1 comprometido com a prote\u00e7\u00e3o dos seus dados pessoais, em conformidade com a Lei Geral de Prote\u00e7\u00e3o de Dados Pessoais (Lei n\u00ba 13.709\/2018). 1. Informa\u00e7\u00f5es que coletamos Podemos coletar informa\u00e7\u00f5es pessoais fornecidas voluntariamente por voc\u00ea, como nome e e-mail, quando voc\u00ea: 2. Uso de cookies Utilizamos cookies para melhorar a navega\u00e7\u00e3o no site, analisar m\u00e9tricas de audi\u00eancia e personalizar conte\u00fado. Voc\u00ea pode gerenciar ou desativar os cookies a qualquer momento nas configura\u00e7\u00f5es do seu navegador. 3. Google AdSense Este site pode exibir an\u00fancios fornecidos por parceiros como o Google AdSense, que utilizam cookies para veicular an\u00fancios com base nas visitas anteriores dos usu\u00e1rios. Voc\u00ea pode desativar a personaliza\u00e7\u00e3o de an\u00fancios do Google acessando: https:\/\/www.google.com\/settings\/ads 4. Ferramentas de an\u00e1lise Utilizamos o Google Analytics para coletar dados an\u00f4nimos sobre o comportamento dos visitantes. Essas informa\u00e7\u00f5es nos ajudam a entender melhor nosso p\u00fablico e aprimorar o conte\u00fado. 5. Compartilhamento de dados N\u00e3o compartilhamos suas informa\u00e7\u00f5es pessoais com terceiros, exceto quando necess\u00e1rio para o funcionamento do site, como servi\u00e7os de newsletter e ferramentas anal\u00edticas. 6. Seus direitos De acordo com a LGPD, voc\u00ea pode solicitar a qualquer momento: 7. Contato Se voc\u00ea tiver d\u00favidas sobre esta Pol\u00edtica de Privacidade ou desejar solicitar altera\u00e7\u00e3o ou exclus\u00e3o de seus dados, entre em contato: E-mail: elianverres@poderemercado.com.br<\/p>","protected":false},"author":1,"featured_media":0,"parent":0,"menu_order":0,"comment_status":"closed","ping_status":"closed","template":"","meta":{"googlesitekit_rrm_CAow55rbCw:productID":"","footnotes":""},"class_list":["post-238","page","type-page","status-publish","hentry"],"_links":{"self":[{"href":"https:\/\/poderemercado.com.br\/en\/wp-json\/wp\/v2\/pages\/238","targetHints":{"allow":["GET"]}}],"collection":[{"href":"https:\/\/poderemercado.com.br\/en\/wp-json\/wp\/v2\/pages"}],"about":[{"href":"https:\/\/poderemercado.com.br\/en\/wp-json\/wp\/v2\/types\/page"}],"author":[{"embeddable":true,"href":"https:\/\/poderemercado.com.br\/en\/wp-json\/wp\/v2\/users\/1"}],"replies":[{"embeddable":true,"href":"https:\/\/poderemercado.com.br\/en\/wp-json\/wp\/v2\/comments?post=238"}],"version-history":[{"count":0,"href":"https:\/\/poderemercado.com.br\/en\/wp-json\/wp\/v2\/pages\/238\/revisions"}],"wp:attachment":[{"href":"https:\/\/poderemercado.com.br\/en\/wp-json\/wp\/v2\/media?parent=238"}],"curies":[{"name":"wp","href":"https:\/\/api.w.org\/{rel}","templated":true}]}}